{"id":28,"date":"2020-07-08T15:30:41","date_gmt":"2020-07-08T15:30:41","guid":{"rendered":"https:\/\/spanischer-supermarkt-andurondacc.de\/home\/"},"modified":"2025-03-19T12:48:51","modified_gmt":"2025-03-19T10:48:51","slug":"home","status":"publish","type":"page","link":"https:\/\/spanischer-supermarkt-andurondacc.de\/de\/","title":{"rendered":"Home"},"content":{"rendered":"\n<h2 class=\"wp-block-heading has-text-align-center my-5\">LERNEN SIE UNSERE PRODUKTE KENNEN<\/h2>\n\n\n\n<div class=\"wp-block-columns is-layout-flex wp-container-core-columns-is-layout-9d6595d7 wp-block-columns-is-layout-flex\">\n<div class=\"wp-block-column is-layout-flow wp-block-column-is-layout-flow\">\n<div class=\"wp-block-group card\"><div class=\"wp-block-group__inner-container is-layout-flow wp-block-group-is-layout-flow\">\n<h3 class=\"wp-block-heading has-text-align-center\">Meeresprodukte<\/h3>\n\n\n\n<figure class=\"wp-block-image size-large\"><a href=\"https:\/\/spanischer-supermarkt-andurondacc.de\/de\/category\/fisch-und-schalentiere\"><img loading=\"lazy\" decoding=\"async\" width=\"300\" height=\"200\" src=\"https:\/\/spanischer-supermarkt-andurondacc.de\/wp-content\/uploads\/2020\/07\/prod_mar.jpg\" alt=\"\" class=\"wp-image-104\"\/><\/a><\/figure>\n<\/div><\/div>\n<\/div>\n\n\n\n<div class=\"wp-block-column is-layout-flow wp-block-column-is-layout-flow\">\n<div class=\"wp-block-group card\"><div class=\"wp-block-group__inner-container is-layout-flow wp-block-group-is-layout-flow\">\n<h3 class=\"wp-block-heading\">Spanische Produkte<\/h3>\n\n\n\n<figure class=\"wp-block-image size-large\"><a href=\"https:\/\/spanischer-supermarkt-andurondacc.de\/de\/catalogo\/\"><img loading=\"lazy\" decoding=\"async\" width=\"1024\" height=\"576\" src=\"https:\/\/spanischer-supermarkt-andurondacc.de\/wp-content\/uploads\/2020\/10\/Productos-de-Espana-Produkte-aus-Spanien-1024x576-1.jpg\" alt=\"\" class=\"wp-image-6676\" srcset=\"https:\/\/spanischer-supermarkt-andurondacc.de\/wp-content\/uploads\/2020\/10\/Productos-de-Espana-Produkte-aus-Spanien-1024x576-1.jpg 1024w, https:\/\/spanischer-supermarkt-andurondacc.de\/wp-content\/uploads\/2020\/10\/Productos-de-Espana-Produkte-aus-Spanien-1024x576-1-300x169.jpg 300w, https:\/\/spanischer-supermarkt-andurondacc.de\/wp-content\/uploads\/2020\/10\/Productos-de-Espana-Produkte-aus-Spanien-1024x576-1-768x432.jpg 768w\" sizes=\"auto, (max-width: 1024px) 100vw, 1024px\" \/><\/a><\/figure>\n<\/div><\/div>\n<\/div>\n\n\n\n<div class=\"wp-block-column is-layout-flow wp-block-column-is-layout-flow\">\n<div class=\"wp-block-group card\"><div class=\"wp-block-group__inner-container is-layout-flow wp-block-group-is-layout-flow\">\n<h3 class=\"wp-block-heading\">Portugiesische Produkte<\/h3>\n\n\n\n<figure class=\"wp-block-image size-large\"><a href=\"https:\/\/spanischer-supermarkt-andurondacc.de\/de\/category\/produkte-aus-portugal\/produkte-aus-portugal-produkte-aus-portugal\/\"><img loading=\"lazy\" decoding=\"async\" width=\"274\" height=\"210\" src=\"https:\/\/spanischer-supermarkt-andurondacc.de\/wp-content\/uploads\/2020\/07\/prod_portugueses.jpg\" alt=\"\" class=\"wp-image-108\"\/><\/a><\/figure>\n<\/div><\/div>\n<\/div>\n<\/div>\n\n\n\n<div class=\"wp-block-group alignfull my-5\"><div class=\"wp-block-group__inner-container is-layout-flow wp-block-group-is-layout-flow\"><div data-block_5f07ed04bcbd5 class=\"important-products alignwide\">\n  <div class=\"container\">\n    <div class=\"row\">\n      <div class=\"col text-center\">\n        <h4>Unsere H\u00f6hepunkte <\/h4>\n      <\/div>\n    <\/div>\n          <div class=\"row\">\n        <div class=\"col products\">\n\n                      <a href=\"https:\/\/spanischer-supermarkt-andurondacc.de\/de\/producto\/filet-iberico-tk\/\">\n              <div class=\"product\">\n                <picture>\n                  <img decoding=\"async\" src=\"https:\/\/spanischer-supermarkt-andurondacc.de\/wp-content\/uploads\/2023\/11\/SOLIMILLO-IBERICO-scaled.jpg\" class=\"img-fluid\"\/>\n                <\/picture>\n                <label for=\"\">Filet Iberico (Solomillo)<\/label>\n                <div class=\"category\">Iberisches Fleisch Iberico<\/div>\n                <div class=\"d-flex align-items-end justify-content-between\">\n                  <div class=\"reference \">176<\/div>\n                \n                <\/div>\n              <\/div>\n            <\/a>\n                      <a href=\"https:\/\/spanischer-supermarkt-andurondacc.de\/de\/producto\/rippchen-iberico\/\">\n              <div class=\"product\">\n                <picture>\n                  <img decoding=\"async\" src=\"https:\/\/spanischer-supermarkt-andurondacc.de\/wp-content\/uploads\/2023\/11\/TIRA-DE-COSTILLA-IBERICA-scaled.jpg\" class=\"img-fluid\"\/>\n                <\/picture>\n                <label for=\"\">Rippchen Iberico<\/label>\n                <div class=\"category\">Iberisches Fleisch Iberico<\/div>\n                <div class=\"d-flex align-items-end justify-content-between\">\n                  <div class=\"reference \">173<\/div>\n                \n                <\/div>\n              <\/div>\n            <\/a>\n                      <a href=\"https:\/\/spanischer-supermarkt-andurondacc.de\/de\/producto\/tortas-aceite-anisgeback-180g\/\">\n              <div class=\"product\">\n                <picture>\n                  <img decoding=\"async\" src=\"https:\/\/spanischer-supermarkt-andurondacc.de\/wp-content\/uploads\/2023\/10\/TORTAS-DE-ACEITE-UPITA-DE-LOS-REYES-scaled.jpg\" class=\"img-fluid\"\/>\n                <\/picture>\n                <label for=\"\">Tortas Aceite Anisgeb\u00e4ck 180g Upita<\/label>\n                <div class=\"category\">Lebensmittel<\/div>\n                <div class=\"d-flex align-items-end justify-content-between\">\n                  <div class=\"reference \">10554<\/div>\n                \n                <\/div>\n              <\/div>\n            <\/a>\n                      <a href=\"https:\/\/spanischer-supermarkt-andurondacc.de\/de\/producto\/kartoffelchips-mit-schwarzem-trueffel-150g\/\">\n              <div class=\"product\">\n                <picture>\n                  <img decoding=\"async\" src=\"https:\/\/spanischer-supermarkt-andurondacc.de\/wp-content\/uploads\/2023\/09\/Trufa-Negra.jpg\" class=\"img-fluid\"\/>\n                <\/picture>\n                <label for=\"\">Kartoffelchips mit schwarzem Tr\u00fcffel 150g<\/label>\n                <div class=\"category\">Lebensmittel<\/div>\n                <div class=\"d-flex align-items-end justify-content-between\">\n                  <div class=\"reference \">10513<\/div>\n                \n                <\/div>\n              <\/div>\n            <\/a>\n                      <a href=\"https:\/\/spanischer-supermarkt-andurondacc.de\/de\/producto\/baby-kaese-mit-schwarzen-trueffel-390g\/\">\n              <div class=\"product\">\n                <picture>\n                  <img decoding=\"async\" src=\"https:\/\/spanischer-supermarkt-andurondacc.de\/wp-content\/uploads\/2022\/09\/BABY-TRUFA.jpg\" class=\"img-fluid\"\/>\n                <\/picture>\n                <label for=\"\">Baby K\u00e4se mit schwarzen Tr\u00fcffel 390g<\/label>\n                <div class=\"category\">Lebensmittel<\/div>\n                <div class=\"d-flex align-items-end justify-content-between\">\n                  <div class=\"reference \">10029<\/div>\n                \n                <\/div>\n              <\/div>\n            <\/a>\n                      <a href=\"https:\/\/spanischer-supermarkt-andurondacc.de\/de\/producto\/baby-kaese-mit-blumen-390g\/\">\n              <div class=\"product\">\n                <picture>\n                  <img decoding=\"async\" src=\"https:\/\/spanischer-supermarkt-andurondacc.de\/wp-content\/uploads\/2022\/09\/BABY-5-FLORES.jpg\" class=\"img-fluid\"\/>\n                <\/picture>\n                <label for=\"\">Baby K\u00e4se mit Blumen 390g<\/label>\n                <div class=\"category\">Lebensmittel<\/div>\n                <div class=\"d-flex align-items-end justify-content-between\">\n                  <div class=\"reference \">10024<\/div>\n                \n                <\/div>\n              <\/div>\n            <\/a>\n                      <a href=\"https:\/\/spanischer-supermarkt-andurondacc.de\/de\/producto\/paellabruehe-gallina-blanca-1l-tetra-pack\/\">\n              <div class=\"product\">\n                <picture>\n                  <img decoding=\"async\" src=\"https:\/\/spanischer-supermarkt-andurondacc.de\/wp-content\/uploads\/2024\/06\/CALDO-DE-MARSICO-GALLINA-BLANCA-.jpeg\" class=\"img-fluid\"\/>\n                <\/picture>\n                <label for=\"\">Paellabr\u00fche Gallina Blanca 1l Tetra Pack<\/label>\n                <div class=\"category\">Lebensmittel<\/div>\n                <div class=\"d-flex align-items-end justify-content-between\">\n                  <div class=\"reference \">40662<\/div>\n                \n                <\/div>\n              <\/div>\n            <\/a>\n                      <a href=\"https:\/\/spanischer-supermarkt-andurondacc.de\/de\/producto\/baeckchen-iberico-carrillera\/\">\n              <div class=\"product\">\n                <picture>\n                  <img decoding=\"async\" src=\"https:\/\/spanischer-supermarkt-andurondacc.de\/wp-content\/uploads\/2023\/11\/CARRILLERA-IBERICA-INTERIOR.jpg\" class=\"img-fluid\"\/>\n                <\/picture>\n                <label for=\"\">B\u00e4ckchen Iberico Carrillera<\/label>\n                <div class=\"category\">Iberisches Fleisch Iberico<\/div>\n                <div class=\"d-flex align-items-end justify-content-between\">\n                  <div class=\"reference \">164<\/div>\n                \n                <\/div>\n              <\/div>\n            <\/a>\n                  <\/div>\n      <\/div>\n      <\/div>\n<\/div>\n<\/div><\/div>\n\n\n\n<div class=\"wp-block-columns is-layout-flex wp-container-core-columns-is-layout-9d6595d7 wp-block-columns-is-layout-flex\">\n<div class=\"wp-block-column is-layout-flow wp-block-column-is-layout-flow\">\n<h2 class=\"wp-block-heading\">UNTERNEHMEN<\/h2>\n\n\n\n<p>Seit 1973 importieren wir Spanische Produkte in hoher Qualit\u00e4t nach K\u00f6ln. Der Supermarkt ANDURONDA C+C wurde von Spanischen Gesch\u00e4ftspartnern gegr\u00fcndet und man fing an, Spanisches Oliven\u00f6l, Weine f\u00fcr die erste Generation von Spaniern und Italienern nach K\u00f6ln zu importieren, die nach Deutschland gekommen waren um zu arbeiten, sowohl auch f\u00fcr die Deutschen B\u00fcrger, die unsere Kultur kennen und zu sch\u00e4tzen gelernt haben, insbesondere unsere gesunde, leckere Spanische K\u00fcche.<\/p>\n\n\n\n<div class=\"wp-block-buttons is-layout-flex wp-block-buttons-is-layout-flex\">\n<div class=\"wp-block-button is-style-outline my-3 is-style-outline--1\"><a class=\"wp-block-button__link has-text-color has-background wp-element-button\" href=\"https:\/\/spanischer-supermarkt-andurondacc.de\/de\/empresa\/\" style=\"border-radius:22px;color:#f21616;background-color:#ffffff\">Kennen Sie Anduronda<\/a><\/div>\n<\/div>\n\n\n\n<figure class=\"wp-block-image size-large\"><img loading=\"lazy\" decoding=\"async\" width=\"641\" height=\"427\" src=\"https:\/\/spanischer-supermarkt-andurondacc.de\/wp-content\/uploads\/2020\/07\/img_empresa_2-1.jpg\" alt=\"\" class=\"wp-image-81\" srcset=\"https:\/\/spanischer-supermarkt-andurondacc.de\/wp-content\/uploads\/2020\/07\/img_empresa_2-1.jpg 641w, https:\/\/spanischer-supermarkt-andurondacc.de\/wp-content\/uploads\/2020\/07\/img_empresa_2-1-300x200.jpg 300w\" sizes=\"auto, (max-width: 641px) 100vw, 641px\" \/><\/figure>\n<\/div>\n\n\n\n<div class=\"wp-block-column d-flex align-items-end is-layout-flow wp-block-column-is-layout-flow\">\n<figure class=\"wp-block-image size-large\"><img loading=\"lazy\" decoding=\"async\" width=\"781\" height=\"827\" src=\"https:\/\/spanischer-supermarkt-andurondacc.de\/wp-content\/uploads\/2020\/07\/img_empresa_.jpg\" alt=\"\" class=\"wp-image-84\" srcset=\"https:\/\/spanischer-supermarkt-andurondacc.de\/wp-content\/uploads\/2020\/07\/img_empresa_.jpg 781w, https:\/\/spanischer-supermarkt-andurondacc.de\/wp-content\/uploads\/2020\/07\/img_empresa_-283x300.jpg 283w, https:\/\/spanischer-supermarkt-andurondacc.de\/wp-content\/uploads\/2020\/07\/img_empresa_-768x813.jpg 768w\" sizes=\"auto, (max-width: 781px) 100vw, 781px\" \/><\/figure>\n<\/div>\n<\/div>\n\n\n\n<div class=\"wp-block-group alignfull newsletter-block\"><div class=\"wp-block-group__inner-container is-layout-flow wp-block-group-is-layout-flow\">\n<div class=\"container\"><h3>Abonieren Sie unseren Newsletter<\/h3><\/div>\n\n\n<div data-block_5f7440825c894 class=\"contact alignfull\">\n  <div class=\"container\">\n    <div class=\"row\">\n      <div class=\"col\">\n        \n<div class=\"wpcf7 no-js\" id=\"wpcf7-f6612-o1\" lang=\"es-ES\" dir=\"ltr\" data-wpcf7-id=\"6612\">\n<div class=\"screen-reader-response\"><p role=\"status\" aria-live=\"polite\" aria-atomic=\"true\"><\/p> <ul><\/ul><\/div>\n<form action=\"\/de\/wp-json\/wp\/v2\/pages\/28\/#wpcf7-f6612-o1\" method=\"post\" class=\"wpcf7-form init\" aria-label=\"Contact form\" novalidate=\"novalidate\" data-status=\"init\">\n<fieldset class=\"hidden-fields-container\"><input type=\"hidden\" name=\"_wpcf7\" value=\"6612\" \/><input type=\"hidden\" name=\"_wpcf7_version\" value=\"6.1.5\" \/><input type=\"hidden\" name=\"_wpcf7_locale\" value=\"es_ES\" \/><input type=\"hidden\" name=\"_wpcf7_unit_tag\" value=\"wpcf7-f6612-o1\" \/><input type=\"hidden\" name=\"_wpcf7_container_post\" value=\"0\" \/><input type=\"hidden\" name=\"_wpcf7_posted_data_hash\" value=\"\" \/>\n<\/fieldset>\n<div class=\"container newsletter-form p-0\">\n\t<div class=\"d-inline-flex justify-content-start align-items-center\">\n\t\t<div class=\"input-box mr-3\">\n\t\t\t<p><span class=\"wpcf7-form-control-wrap\" data-name=\"your-name\"><input size=\"40\" maxlength=\"400\" class=\"wpcf7-form-control wpcf7-text wpcf7-validates-as-required\" aria-required=\"true\" aria-invalid=\"false\" placeholder=\"Name...\" value=\"\" type=\"text\" name=\"your-name\" \/><\/span>\n\t\t\t<\/p>\n\t\t<\/div>\n\t\t<div class=\"input-box mr-3\">\n\t\t\t<p><span class=\"wpcf7-form-control-wrap\" data-name=\"your-email\"><input size=\"40\" maxlength=\"400\" class=\"wpcf7-form-control wpcf7-email wpcf7-validates-as-required wpcf7-text wpcf7-validates-as-email\" aria-required=\"true\" aria-invalid=\"false\" placeholder=\"E-mail...\" value=\"\" type=\"email\" name=\"your-email\" \/><\/span>\n\t\t\t<\/p>\n\t\t<\/div>\n\t\t<div class=\"input-box mr-3\">\n\t\t\t<p><input class=\"wpcf7-form-control wpcf7-submit has-spinner\" type=\"submit\" value=\"Senden\" \/>\n\t\t\t<\/p>\n\t\t<\/div>\n\t<\/div>\n\t<div class=\"accept\">\n\t\t<p><span class=\"wpcf7-form-control-wrap\" data-name=\"acceptance-67\"><span class=\"wpcf7-form-control wpcf7-acceptance\"><span class=\"wpcf7-list-item\"><input type=\"checkbox\" name=\"acceptance-67\" value=\"1\" aria-invalid=\"false\" \/><\/span><\/span><\/span> Ich akzeptiere <a href=\"\/de\/politica-privacidad\/\">Datenschutzbestimmungen<\/a>\n\t\t<\/p>\n\t<\/div>\n<\/div><div class=\"wpcf7-response-output\" aria-hidden=\"true\"><\/div>\n<\/form>\n<\/div>\n\n      <\/div>\n    <\/div>\n  <\/div>\n<\/div>\n<\/div><\/div>\n","protected":false},"excerpt":{"rendered":"<p>LERNEN SIE UNSERE PRODUKTE KENNEN Meeresprodukte Spanische Produkte Portugiesische Produkte UNTERNEHMEN Seit 1973 importieren wir Spanische Produkte in hoher Qualit\u00e4t nach K\u00f6ln. Der Supermarkt ANDURONDA C+C wurde von Spanischen Gesch\u00e4ftspartnern gegr\u00fcndet und man fing an, Spanisches Oliven\u00f6l, Weine f\u00fcr die erste Generation von Spaniern und Italienern nach K\u00f6ln zu importieren, die nach Deutschland gekommen waren &hellip; <a href=\"https:\/\/spanischer-supermarkt-andurondacc.de\/de\/\">Continued<\/a><\/p>\n","protected":false},"author":1,"featured_media":0,"parent":0,"menu_order":0,"comment_status":"closed","ping_status":"closed","template":"","meta":{"footnotes":""},"class_list":["post-28","page","type-page","status-publish","hentry"],"yoast_head":"<!-- This site is optimized with the Yoast SEO plugin v27.3 - https:\/\/yoast.com\/product\/yoast-seo-wordpress\/ -->\n<title>Home - Anduronda C+C<\/title>\n<meta name=\"robots\" content=\"index, follow, max-snippet:-1, max-image-preview:large, max-video-preview:-1\" \/>\n<link rel=\"canonical\" href=\"https:\/\/spanischer-supermarkt-andurondacc.de\/de\/\" \/>\n<meta property=\"og:locale\" content=\"de_DE\" \/>\n<meta property=\"og:type\" content=\"article\" \/>\n<meta property=\"og:title\" content=\"Home - Anduronda C+C\" \/>\n<meta property=\"og:description\" content=\"LERNEN SIE UNSERE PRODUKTE KENNEN Meeresprodukte Spanische Produkte Portugiesische Produkte UNTERNEHMEN Seit 1973 importieren wir Spanische Produkte in hoher Qualit\u00e4t nach K\u00f6ln. Der Supermarkt ANDURONDA C+C wurde von Spanischen Gesch\u00e4ftspartnern gegr\u00fcndet und man fing an, Spanisches Oliven\u00f6l, Weine f\u00fcr die erste Generation von Spaniern und Italienern nach K\u00f6ln zu importieren, die nach Deutschland gekommen waren &hellip; Continued\" \/>\n<meta property=\"og:url\" content=\"https:\/\/spanischer-supermarkt-andurondacc.de\/de\/\" \/>\n<meta property=\"og:site_name\" content=\"Anduronda C+C\" \/>\n<meta property=\"article:publisher\" content=\"https:\/\/www.facebook.com\/AndurondaCC\" \/>\n<meta property=\"article:modified_time\" content=\"2025-03-19T10:48:51+00:00\" \/>\n<meta property=\"og:image\" content=\"https:\/\/spanischer-supermarkt-andurondacc.de\/wp-content\/uploads\/2020\/07\/prod_mar.jpg\" \/>\n\t<meta property=\"og:image:width\" content=\"300\" \/>\n\t<meta property=\"og:image:height\" content=\"200\" \/>\n\t<meta property=\"og:image:type\" content=\"image\/jpeg\" \/>\n<meta name=\"twitter:card\" content=\"summary_large_image\" \/>\n<meta name=\"twitter:label1\" content=\"Est. reading time\" \/>\n\t<meta name=\"twitter:data1\" content=\"2 Minuten\" \/>\n<script type=\"application\/ld+json\" class=\"yoast-schema-graph\">{\"@context\":\"https:\\\/\\\/schema.org\",\"@graph\":[{\"@type\":\"WebPage\",\"@id\":\"https:\\\/\\\/spanischer-supermarkt-andurondacc.de\\\/de\\\/\",\"url\":\"https:\\\/\\\/spanischer-supermarkt-andurondacc.de\\\/de\\\/\",\"name\":\"Home - Anduronda C+C\",\"isPartOf\":{\"@id\":\"https:\\\/\\\/spanischer-supermarkt-andurondacc.de\\\/de\\\/#website\"},\"primaryImageOfPage\":{\"@id\":\"https:\\\/\\\/spanischer-supermarkt-andurondacc.de\\\/de\\\/#primaryimage\"},\"image\":{\"@id\":\"https:\\\/\\\/spanischer-supermarkt-andurondacc.de\\\/de\\\/#primaryimage\"},\"thumbnailUrl\":\"https:\\\/\\\/spanischer-supermarkt-andurondacc.de\\\/wp-content\\\/uploads\\\/2020\\\/07\\\/prod_mar.jpg\",\"datePublished\":\"2020-07-08T15:30:41+00:00\",\"dateModified\":\"2025-03-19T10:48:51+00:00\",\"breadcrumb\":{\"@id\":\"https:\\\/\\\/spanischer-supermarkt-andurondacc.de\\\/de\\\/#breadcrumb\"},\"inLanguage\":\"de-DE\",\"potentialAction\":[{\"@type\":\"ReadAction\",\"target\":[\"https:\\\/\\\/spanischer-supermarkt-andurondacc.de\\\/de\\\/\"]}]},{\"@type\":\"ImageObject\",\"inLanguage\":\"de-DE\",\"@id\":\"https:\\\/\\\/spanischer-supermarkt-andurondacc.de\\\/de\\\/#primaryimage\",\"url\":\"https:\\\/\\\/spanischer-supermarkt-andurondacc.de\\\/wp-content\\\/uploads\\\/2020\\\/07\\\/prod_mar.jpg\",\"contentUrl\":\"https:\\\/\\\/spanischer-supermarkt-andurondacc.de\\\/wp-content\\\/uploads\\\/2020\\\/07\\\/prod_mar.jpg\"},{\"@type\":\"BreadcrumbList\",\"@id\":\"https:\\\/\\\/spanischer-supermarkt-andurondacc.de\\\/de\\\/#breadcrumb\",\"itemListElement\":[{\"@type\":\"ListItem\",\"position\":1,\"name\":\"Home\",\"item\":\"https:\\\/\\\/spanischer-supermarkt-andurondacc.de\\\/de\\\/\"},{\"@type\":\"ListItem\",\"position\":2,\"name\":\"Home\"}]},{\"@type\":\"WebSite\",\"@id\":\"https:\\\/\\\/spanischer-supermarkt-andurondacc.de\\\/de\\\/#website\",\"url\":\"https:\\\/\\\/spanischer-supermarkt-andurondacc.de\\\/de\\\/\",\"name\":\"Anduronda C+C\",\"description\":\"Ihr Spanischer Supermarkt\",\"publisher\":{\"@id\":\"https:\\\/\\\/spanischer-supermarkt-andurondacc.de\\\/de\\\/#organization\"},\"potentialAction\":[{\"@type\":\"SearchAction\",\"target\":{\"@type\":\"EntryPoint\",\"urlTemplate\":\"https:\\\/\\\/spanischer-supermarkt-andurondacc.de\\\/de\\\/?s={search_term_string}\"},\"query-input\":{\"@type\":\"PropertyValueSpecification\",\"valueRequired\":true,\"valueName\":\"search_term_string\"}}],\"inLanguage\":\"de-DE\"},{\"@type\":\"Organization\",\"@id\":\"https:\\\/\\\/spanischer-supermarkt-andurondacc.de\\\/de\\\/#organization\",\"name\":\"Anduronda C+C\",\"url\":\"https:\\\/\\\/spanischer-supermarkt-andurondacc.de\\\/de\\\/\",\"logo\":{\"@type\":\"ImageObject\",\"inLanguage\":\"de-DE\",\"@id\":\"https:\\\/\\\/spanischer-supermarkt-andurondacc.de\\\/de\\\/#\\\/schema\\\/logo\\\/image\\\/\",\"url\":\"https:\\\/\\\/spanischer-supermarkt-andurondacc.de\\\/wp-content\\\/uploads\\\/2023\\\/12\\\/Logo-Anduronda.jpg\",\"contentUrl\":\"https:\\\/\\\/spanischer-supermarkt-andurondacc.de\\\/wp-content\\\/uploads\\\/2023\\\/12\\\/Logo-Anduronda.jpg\",\"width\":360,\"height\":360,\"caption\":\"Anduronda C+C\"},\"image\":{\"@id\":\"https:\\\/\\\/spanischer-supermarkt-andurondacc.de\\\/de\\\/#\\\/schema\\\/logo\\\/image\\\/\"},\"sameAs\":[\"https:\\\/\\\/www.facebook.com\\\/AndurondaCC\",\"https:\\\/\\\/www.instagram.com\\\/andurondaspanishfood\\\/\"]}]}<\/script>\n<!-- \/ Yoast SEO plugin. -->","yoast_head_json":{"title":"Home - Anduronda C+C","robots":{"index":"index","follow":"follow","max-snippet":"max-snippet:-1","max-image-preview":"max-image-preview:large","max-video-preview":"max-video-preview:-1"},"canonical":"https:\/\/spanischer-supermarkt-andurondacc.de\/de\/","og_locale":"de_DE","og_type":"article","og_title":"Home - Anduronda C+C","og_description":"LERNEN SIE UNSERE PRODUKTE KENNEN Meeresprodukte Spanische Produkte Portugiesische Produkte UNTERNEHMEN Seit 1973 importieren wir Spanische Produkte in hoher Qualit\u00e4t nach K\u00f6ln. Der Supermarkt ANDURONDA C+C wurde von Spanischen Gesch\u00e4ftspartnern gegr\u00fcndet und man fing an, Spanisches Oliven\u00f6l, Weine f\u00fcr die erste Generation von Spaniern und Italienern nach K\u00f6ln zu importieren, die nach Deutschland gekommen waren &hellip; Continued","og_url":"https:\/\/spanischer-supermarkt-andurondacc.de\/de\/","og_site_name":"Anduronda C+C","article_publisher":"https:\/\/www.facebook.com\/AndurondaCC","article_modified_time":"2025-03-19T10:48:51+00:00","og_image":[{"width":300,"height":200,"url":"https:\/\/spanischer-supermarkt-andurondacc.de\/wp-content\/uploads\/2020\/07\/prod_mar.jpg","type":"image\/jpeg"}],"twitter_card":"summary_large_image","twitter_misc":{"Est. reading time":"2 Minuten"},"schema":{"@context":"https:\/\/schema.org","@graph":[{"@type":"WebPage","@id":"https:\/\/spanischer-supermarkt-andurondacc.de\/de\/","url":"https:\/\/spanischer-supermarkt-andurondacc.de\/de\/","name":"Home - Anduronda C+C","isPartOf":{"@id":"https:\/\/spanischer-supermarkt-andurondacc.de\/de\/#website"},"primaryImageOfPage":{"@id":"https:\/\/spanischer-supermarkt-andurondacc.de\/de\/#primaryimage"},"image":{"@id":"https:\/\/spanischer-supermarkt-andurondacc.de\/de\/#primaryimage"},"thumbnailUrl":"https:\/\/spanischer-supermarkt-andurondacc.de\/wp-content\/uploads\/2020\/07\/prod_mar.jpg","datePublished":"2020-07-08T15:30:41+00:00","dateModified":"2025-03-19T10:48:51+00:00","breadcrumb":{"@id":"https:\/\/spanischer-supermarkt-andurondacc.de\/de\/#breadcrumb"},"inLanguage":"de-DE","potentialAction":[{"@type":"ReadAction","target":["https:\/\/spanischer-supermarkt-andurondacc.de\/de\/"]}]},{"@type":"ImageObject","inLanguage":"de-DE","@id":"https:\/\/spanischer-supermarkt-andurondacc.de\/de\/#primaryimage","url":"https:\/\/spanischer-supermarkt-andurondacc.de\/wp-content\/uploads\/2020\/07\/prod_mar.jpg","contentUrl":"https:\/\/spanischer-supermarkt-andurondacc.de\/wp-content\/uploads\/2020\/07\/prod_mar.jpg"},{"@type":"BreadcrumbList","@id":"https:\/\/spanischer-supermarkt-andurondacc.de\/de\/#breadcrumb","itemListElement":[{"@type":"ListItem","position":1,"name":"Home","item":"https:\/\/spanischer-supermarkt-andurondacc.de\/de\/"},{"@type":"ListItem","position":2,"name":"Home"}]},{"@type":"WebSite","@id":"https:\/\/spanischer-supermarkt-andurondacc.de\/de\/#website","url":"https:\/\/spanischer-supermarkt-andurondacc.de\/de\/","name":"Anduronda C+C","description":"Ihr Spanischer Supermarkt","publisher":{"@id":"https:\/\/spanischer-supermarkt-andurondacc.de\/de\/#organization"},"potentialAction":[{"@type":"SearchAction","target":{"@type":"EntryPoint","urlTemplate":"https:\/\/spanischer-supermarkt-andurondacc.de\/de\/?s={search_term_string}"},"query-input":{"@type":"PropertyValueSpecification","valueRequired":true,"valueName":"search_term_string"}}],"inLanguage":"de-DE"},{"@type":"Organization","@id":"https:\/\/spanischer-supermarkt-andurondacc.de\/de\/#organization","name":"Anduronda C+C","url":"https:\/\/spanischer-supermarkt-andurondacc.de\/de\/","logo":{"@type":"ImageObject","inLanguage":"de-DE","@id":"https:\/\/spanischer-supermarkt-andurondacc.de\/de\/#\/schema\/logo\/image\/","url":"https:\/\/spanischer-supermarkt-andurondacc.de\/wp-content\/uploads\/2023\/12\/Logo-Anduronda.jpg","contentUrl":"https:\/\/spanischer-supermarkt-andurondacc.de\/wp-content\/uploads\/2023\/12\/Logo-Anduronda.jpg","width":360,"height":360,"caption":"Anduronda C+C"},"image":{"@id":"https:\/\/spanischer-supermarkt-andurondacc.de\/de\/#\/schema\/logo\/image\/"},"sameAs":["https:\/\/www.facebook.com\/AndurondaCC","https:\/\/www.instagram.com\/andurondaspanishfood\/"]}]}},"_links":{"self":[{"href":"https:\/\/spanischer-supermarkt-andurondacc.de\/de\/wp-json\/wp\/v2\/pages\/28\/"}],"collection":[{"href":"https:\/\/spanischer-supermarkt-andurondacc.de\/de\/wp-json\/wp\/v2\/pages\/"}],"about":[{"href":"https:\/\/spanischer-supermarkt-andurondacc.de\/de\/wp-json\/wp\/v2\/types\/page\/"}],"author":[{"embeddable":true,"href":"https:\/\/spanischer-supermarkt-andurondacc.de\/de\/wp-json\/wp\/v2\/users\/1\/"}],"replies":[{"embeddable":true,"href":"https:\/\/spanischer-supermarkt-andurondacc.de\/de\/wp-json\/wp\/v2\/comments\/?post=28"}],"version-history":[{"count":46,"href":"https:\/\/spanischer-supermarkt-andurondacc.de\/de\/wp-json\/wp\/v2\/pages\/28\/revisions\/"}],"predecessor-version":[{"id":7852,"href":"https:\/\/spanischer-supermarkt-andurondacc.de\/de\/wp-json\/wp\/v2\/pages\/28\/revisions\/7852\/"}],"wp:attachment":[{"href":"https:\/\/spanischer-supermarkt-andurondacc.de\/de\/wp-json\/wp\/v2\/media\/?parent=28"}],"curies":[{"name":"wp","href":"https:\/\/api.w.org\/{rel}","templated":true}]}}