{"id":38,"date":"2020-07-08T17:43:52","date_gmt":"2020-07-08T15:43:52","guid":{"rendered":"https:\/\/spanischer-supermarkt-andurondacc.de\/empresa\/"},"modified":"2020-10-23T12:02:15","modified_gmt":"2020-10-23T10:02:15","slug":"empresa","status":"publish","type":"page","link":"https:\/\/spanischer-supermarkt-andurondacc.de\/de\/empresa\/","title":{"rendered":"Unternehmen"},"content":{"rendered":"\n<h2 class=\"has-text-align-center my-5 wp-block-heading\">Lernen Sie<strong> <\/strong>ANDURONDA C+C kennen<\/h2>\n\n\n<div data-block_5f15569253c65 class=\"text-image alignfull\" style=\"background: #ffd54333\">\n  <div class=\"container\">\n    <div class=\"row\">\n              <div class=\"col-12 col-md\">\n          <h3>UNSERE MISSION:<\/h3>\n          <p>Seit 1973 importieren wir Spanische Produkte in hoher Qualit\u00e4t nach K\u00f6ln. Der Supermarkt Anduronda C+C wurde von Spanischen Gesch\u00e4ftspartnern gegr\u00fcndet und man fing an, Spanisches Oliven\u00f6l, Weine f\u00fcr die erste Generation von Spaniern und Italienern nach K\u00f6ln zu importieren, die nach Deutschland gekommen waren um zu arbeiten, sowohl auch f\u00fcr die Deutschen B\u00fcrger, die unsere Kultur kennen und zu sch\u00e4tzen gelernt haben, insbesondere unsere gesunde, leckere Spanische K\u00fcche.  <\/p>\n        <\/div>\n        <div class=\"col-12 col-md d-flex\">\n          <img decoding=\"async\" src=\"https:\/\/spanischer-supermarkt-andurondacc.de\/wp-content\/uploads\/2020\/10\/img_mision.jpg\" class=\"img-fluid align-self-center\"\/>\n        <\/div>\n          <\/div>\n  <\/div>\n<\/div>\n\n\n<div data-block_5f15570053c66 class=\"text-image alignfull\" style=\"background: #f2161633\">\n  <div class=\"container\">\n    <div class=\"row\">\n              <div class=\"col-12 col-md d-flex\">\n          <img decoding=\"async\" src=\"https:\/\/spanischer-supermarkt-andurondacc.de\/wp-content\/uploads\/2020\/09\/123900398_m-e1601374168550.jpg\" class=\"img-fluid align-self-center\"\/>\n        <\/div>\n        <div class=\"col-12 col-md\">\n          <h3>UNSERE VISION:<\/h3>\n          <p>Unser Ziel ist weiterhin diese Qualit\u00e4t zu erhalten, mit dem Ziel, da\u00df die Spanische K\u00fcche in t\u00e4glicher Form auf Ihren Tisch pr\u00e4sent, und unsere Mediterrane K\u00fcche geniessen k\u00f6nnen, nicht nur im Urlaub in den sonnigsten Orten, sondern auch im t\u00e4glichen Leben im eigenen Land. <br \/>\r\n<br \/>\r\nUnser Ziel ist auch, unseren Gastronomen aus der Region die M\u00f6glichkeit zu bieten, ihren G\u00e4sten diesselbe Qualit\u00e4t anbieten zu k\u00f6nnen die auch ein Traditionelles Restaurant in Spanien anbietet.<br \/>\r\n<br \/>\r\n Kurz gesagt, wir bieten die beste Qualit\u00e4t aus Spanien an, ohne Deutschland verlassen zu m\u00fcssen, sowohl bei Ihnen zuhause als auch im Restaurant.  <\/p>\n        <\/div>\n          <\/div>\n  <\/div>\n<\/div>\n\n\n<div data-block_5f15573853c67 class=\"text-image alignfull\" style=\"background: #ffd54333\">\n  <div class=\"container\">\n    <div class=\"row\">\n              <div class=\"col-12 col-md\">\n          <h3>WERTE:<\/h3>\n          <p><br \/>\r\nVERPFLICHTUNG: Wir haben ein starkes Engament gegen\u00fcber unseren Kunden, um ihnen die besten Produkte zum besten Preis anbieten zu k\u00f6nnen.<br \/>\r\n<br \/>\r\nKUNDENSERVICE: Immer auf die Bed\u00fcrnisse und Zufriedenheit unserer Kunden ausgerichtet, um ihren Anforderungen gerecht zu werden. <br \/>\r\n<br \/>\r\nN\u00c4HE: Wir wollen, da\u00df sich unsere Kunden wie zuhause f\u00fchlen und deswegen bringen wir ihnen unsere Produkte n\u00e4her und unterst\u00fctzen sie bei der richtigen Auswahl derselben.  <\/p>\n        <\/div>\n        <div class=\"col-12 col-md d-flex\">\n          <img decoding=\"async\" src=\"https:\/\/spanischer-supermarkt-andurondacc.de\/wp-content\/uploads\/2020\/07\/img_valores.jpg\" class=\"img-fluid align-self-center\"\/>\n        <\/div>\n          <\/div>\n  <\/div>\n<\/div>\n\n\n\n<div class=\"wp-block-columns is-layout-flex wp-container-core-columns-is-layout-9d6595d7 wp-block-columns-is-layout-flex\">\n<div class=\"wp-block-column is-layout-flow wp-block-column-is-layout-flow\">\n<figure class=\"wp-block-image size-large\"><img loading=\"lazy\" decoding=\"async\" width=\"636\" height=\"543\" src=\"https:\/\/spanischer-supermarkt-andurondacc.de\/wp-content\/uploads\/2020\/07\/Imagen_AtencionCliente.jpg\" alt=\"\" class=\"wp-image-172\" srcset=\"https:\/\/spanischer-supermarkt-andurondacc.de\/wp-content\/uploads\/2020\/07\/Imagen_AtencionCliente.jpg 636w, https:\/\/spanischer-supermarkt-andurondacc.de\/wp-content\/uploads\/2020\/07\/Imagen_AtencionCliente-300x256.jpg 300w\" sizes=\"auto, (max-width: 636px) 100vw, 636px\" \/><\/figure>\n<\/div>\n\n\n\n<div class=\"wp-block-column is-layout-flow wp-block-column-is-layout-flow\">\n<p><\/p>\n\n\n\n<h3 class=\"wp-block-heading\">Ben\u00f6tigen Sie weitere Informationen?<\/h3>\n\n\n\n<p>Wenn Sie Fragen zu unseren Produkten haben die Sie in unserem Supermarkt finden k\u00f6nnen, oder Sie wissen m\u00f6chten wie ANDURONDA C+ C Ihrem Gewerbe zugute kommen kann, stehen wir Ihnen jederzeit gerne zur Verf\u00fcgung.<\/p>\n\n\n\n<div class=\"wp-block-buttons is-layout-flex wp-block-buttons-is-layout-flex\">\n<div class=\"wp-block-button is-style-outline my-3 is-style-outline--1\"><a class=\"wp-block-button__link has-text-color has-background\" href=\"https:\/\/spanischer-supermarkt-andurondacc.de\/de\/contacto\/\" style=\"border-radius:22px;background-color:#ffffff;color:#f21616\">Kontaktiere uns<\/a><\/div>\n<\/div>\n<\/div>\n<\/div>\n","protected":false},"excerpt":{"rendered":"<p>Lernen Sie ANDURONDA C+C kennen Ben\u00f6tigen Sie weitere Informationen? Wenn Sie Fragen zu unseren Produkten haben die Sie in unserem Supermarkt finden k\u00f6nnen, oder Sie wissen m\u00f6chten wie ANDURONDA C+ C Ihrem Gewerbe zugute kommen kann, stehen wir Ihnen jederzeit gerne zur Verf\u00fcgung.<\/p>\n","protected":false},"author":1,"featured_media":0,"parent":0,"menu_order":0,"comment_status":"closed","ping_status":"closed","template":"","meta":{"footnotes":""},"class_list":["post-38","page","type-page","status-publish","hentry"],"yoast_head":"<!-- This site is optimized with the Yoast SEO plugin v27.5 - https:\/\/yoast.com\/product\/yoast-seo-wordpress\/ -->\n<title>Unternehmen - Anduronda C+C<\/title>\n<meta name=\"robots\" content=\"index, follow, max-snippet:-1, max-image-preview:large, max-video-preview:-1\" \/>\n<link rel=\"canonical\" href=\"https:\/\/spanischer-supermarkt-andurondacc.de\/de\/empresa\/\" \/>\n<meta property=\"og:locale\" content=\"de_DE\" \/>\n<meta property=\"og:type\" content=\"article\" \/>\n<meta property=\"og:title\" content=\"Unternehmen - Anduronda C+C\" \/>\n<meta property=\"og:description\" content=\"Lernen Sie ANDURONDA C+C kennen Ben\u00f6tigen Sie weitere Informationen? Wenn Sie Fragen zu unseren Produkten haben die Sie in unserem Supermarkt finden k\u00f6nnen, oder Sie wissen m\u00f6chten wie ANDURONDA C+ C Ihrem Gewerbe zugute kommen kann, stehen wir Ihnen jederzeit gerne zur Verf\u00fcgung.\" \/>\n<meta property=\"og:url\" content=\"https:\/\/spanischer-supermarkt-andurondacc.de\/de\/empresa\/\" \/>\n<meta property=\"og:site_name\" content=\"Anduronda C+C\" \/>\n<meta property=\"article:publisher\" content=\"https:\/\/www.facebook.com\/AndurondaCC\" \/>\n<meta property=\"article:modified_time\" content=\"2020-10-23T10:02:15+00:00\" \/>\n<meta property=\"og:image\" content=\"https:\/\/spanischer-supermarkt-andurondacc.de\/wp-content\/uploads\/2020\/07\/Imagen_AtencionCliente.jpg\" \/>\n<meta name=\"twitter:card\" content=\"summary_large_image\" \/>\n<script type=\"application\/ld+json\" class=\"yoast-schema-graph\">{\"@context\":\"https:\\\/\\\/schema.org\",\"@graph\":[{\"@type\":\"WebPage\",\"@id\":\"https:\\\/\\\/spanischer-supermarkt-andurondacc.de\\\/de\\\/empresa\\\/\",\"url\":\"https:\\\/\\\/spanischer-supermarkt-andurondacc.de\\\/de\\\/empresa\\\/\",\"name\":\"Unternehmen - Anduronda C+C\",\"isPartOf\":{\"@id\":\"https:\\\/\\\/spanischer-supermarkt-andurondacc.de\\\/de\\\/#website\"},\"primaryImageOfPage\":{\"@id\":\"https:\\\/\\\/spanischer-supermarkt-andurondacc.de\\\/de\\\/empresa\\\/#primaryimage\"},\"image\":{\"@id\":\"https:\\\/\\\/spanischer-supermarkt-andurondacc.de\\\/de\\\/empresa\\\/#primaryimage\"},\"thumbnailUrl\":\"https:\\\/\\\/spanischer-supermarkt-andurondacc.de\\\/wp-content\\\/uploads\\\/2020\\\/07\\\/Imagen_AtencionCliente.jpg\",\"datePublished\":\"2020-07-08T15:43:52+00:00\",\"dateModified\":\"2020-10-23T10:02:15+00:00\",\"breadcrumb\":{\"@id\":\"https:\\\/\\\/spanischer-supermarkt-andurondacc.de\\\/de\\\/empresa\\\/#breadcrumb\"},\"inLanguage\":\"de-DE\",\"potentialAction\":[{\"@type\":\"ReadAction\",\"target\":[\"https:\\\/\\\/spanischer-supermarkt-andurondacc.de\\\/de\\\/empresa\\\/\"]}]},{\"@type\":\"ImageObject\",\"inLanguage\":\"de-DE\",\"@id\":\"https:\\\/\\\/spanischer-supermarkt-andurondacc.de\\\/de\\\/empresa\\\/#primaryimage\",\"url\":\"https:\\\/\\\/spanischer-supermarkt-andurondacc.de\\\/wp-content\\\/uploads\\\/2020\\\/07\\\/Imagen_AtencionCliente.jpg\",\"contentUrl\":\"https:\\\/\\\/spanischer-supermarkt-andurondacc.de\\\/wp-content\\\/uploads\\\/2020\\\/07\\\/Imagen_AtencionCliente.jpg\"},{\"@type\":\"BreadcrumbList\",\"@id\":\"https:\\\/\\\/spanischer-supermarkt-andurondacc.de\\\/de\\\/empresa\\\/#breadcrumb\",\"itemListElement\":[{\"@type\":\"ListItem\",\"position\":1,\"name\":\"Home\",\"item\":\"https:\\\/\\\/spanischer-supermarkt-andurondacc.de\\\/de\\\/\"},{\"@type\":\"ListItem\",\"position\":2,\"name\":\"Unternehmen\"}]},{\"@type\":\"WebSite\",\"@id\":\"https:\\\/\\\/spanischer-supermarkt-andurondacc.de\\\/de\\\/#website\",\"url\":\"https:\\\/\\\/spanischer-supermarkt-andurondacc.de\\\/de\\\/\",\"name\":\"Anduronda C+C\",\"description\":\"Ihr Spanischer Supermarkt\",\"publisher\":{\"@id\":\"https:\\\/\\\/spanischer-supermarkt-andurondacc.de\\\/de\\\/#organization\"},\"potentialAction\":[{\"@type\":\"SearchAction\",\"target\":{\"@type\":\"EntryPoint\",\"urlTemplate\":\"https:\\\/\\\/spanischer-supermarkt-andurondacc.de\\\/de\\\/?s={search_term_string}\"},\"query-input\":{\"@type\":\"PropertyValueSpecification\",\"valueRequired\":true,\"valueName\":\"search_term_string\"}}],\"inLanguage\":\"de-DE\"},{\"@type\":\"Organization\",\"@id\":\"https:\\\/\\\/spanischer-supermarkt-andurondacc.de\\\/de\\\/#organization\",\"name\":\"Anduronda C+C\",\"url\":\"https:\\\/\\\/spanischer-supermarkt-andurondacc.de\\\/de\\\/\",\"logo\":{\"@type\":\"ImageObject\",\"inLanguage\":\"de-DE\",\"@id\":\"https:\\\/\\\/spanischer-supermarkt-andurondacc.de\\\/de\\\/#\\\/schema\\\/logo\\\/image\\\/\",\"url\":\"https:\\\/\\\/spanischer-supermarkt-andurondacc.de\\\/wp-content\\\/uploads\\\/2023\\\/12\\\/Logo-Anduronda.jpg\",\"contentUrl\":\"https:\\\/\\\/spanischer-supermarkt-andurondacc.de\\\/wp-content\\\/uploads\\\/2023\\\/12\\\/Logo-Anduronda.jpg\",\"width\":360,\"height\":360,\"caption\":\"Anduronda C+C\"},\"image\":{\"@id\":\"https:\\\/\\\/spanischer-supermarkt-andurondacc.de\\\/de\\\/#\\\/schema\\\/logo\\\/image\\\/\"},\"sameAs\":[\"https:\\\/\\\/www.facebook.com\\\/AndurondaCC\",\"https:\\\/\\\/www.instagram.com\\\/andurondaspanishfood\\\/\"]}]}<\/script>\n<!-- \/ Yoast SEO plugin. -->","yoast_head_json":{"title":"Unternehmen - Anduronda C+C","robots":{"index":"index","follow":"follow","max-snippet":"max-snippet:-1","max-image-preview":"max-image-preview:large","max-video-preview":"max-video-preview:-1"},"canonical":"https:\/\/spanischer-supermarkt-andurondacc.de\/de\/empresa\/","og_locale":"de_DE","og_type":"article","og_title":"Unternehmen - Anduronda C+C","og_description":"Lernen Sie ANDURONDA C+C kennen Ben\u00f6tigen Sie weitere Informationen? Wenn Sie Fragen zu unseren Produkten haben die Sie in unserem Supermarkt finden k\u00f6nnen, oder Sie wissen m\u00f6chten wie ANDURONDA C+ C Ihrem Gewerbe zugute kommen kann, stehen wir Ihnen jederzeit gerne zur Verf\u00fcgung.","og_url":"https:\/\/spanischer-supermarkt-andurondacc.de\/de\/empresa\/","og_site_name":"Anduronda C+C","article_publisher":"https:\/\/www.facebook.com\/AndurondaCC","article_modified_time":"2020-10-23T10:02:15+00:00","og_image":[{"url":"https:\/\/spanischer-supermarkt-andurondacc.de\/wp-content\/uploads\/2020\/07\/Imagen_AtencionCliente.jpg","type":"","width":"","height":""}],"twitter_card":"summary_large_image","schema":{"@context":"https:\/\/schema.org","@graph":[{"@type":"WebPage","@id":"https:\/\/spanischer-supermarkt-andurondacc.de\/de\/empresa\/","url":"https:\/\/spanischer-supermarkt-andurondacc.de\/de\/empresa\/","name":"Unternehmen - Anduronda C+C","isPartOf":{"@id":"https:\/\/spanischer-supermarkt-andurondacc.de\/de\/#website"},"primaryImageOfPage":{"@id":"https:\/\/spanischer-supermarkt-andurondacc.de\/de\/empresa\/#primaryimage"},"image":{"@id":"https:\/\/spanischer-supermarkt-andurondacc.de\/de\/empresa\/#primaryimage"},"thumbnailUrl":"https:\/\/spanischer-supermarkt-andurondacc.de\/wp-content\/uploads\/2020\/07\/Imagen_AtencionCliente.jpg","datePublished":"2020-07-08T15:43:52+00:00","dateModified":"2020-10-23T10:02:15+00:00","breadcrumb":{"@id":"https:\/\/spanischer-supermarkt-andurondacc.de\/de\/empresa\/#breadcrumb"},"inLanguage":"de-DE","potentialAction":[{"@type":"ReadAction","target":["https:\/\/spanischer-supermarkt-andurondacc.de\/de\/empresa\/"]}]},{"@type":"ImageObject","inLanguage":"de-DE","@id":"https:\/\/spanischer-supermarkt-andurondacc.de\/de\/empresa\/#primaryimage","url":"https:\/\/spanischer-supermarkt-andurondacc.de\/wp-content\/uploads\/2020\/07\/Imagen_AtencionCliente.jpg","contentUrl":"https:\/\/spanischer-supermarkt-andurondacc.de\/wp-content\/uploads\/2020\/07\/Imagen_AtencionCliente.jpg"},{"@type":"BreadcrumbList","@id":"https:\/\/spanischer-supermarkt-andurondacc.de\/de\/empresa\/#breadcrumb","itemListElement":[{"@type":"ListItem","position":1,"name":"Home","item":"https:\/\/spanischer-supermarkt-andurondacc.de\/de\/"},{"@type":"ListItem","position":2,"name":"Unternehmen"}]},{"@type":"WebSite","@id":"https:\/\/spanischer-supermarkt-andurondacc.de\/de\/#website","url":"https:\/\/spanischer-supermarkt-andurondacc.de\/de\/","name":"Anduronda C+C","description":"Ihr Spanischer Supermarkt","publisher":{"@id":"https:\/\/spanischer-supermarkt-andurondacc.de\/de\/#organization"},"potentialAction":[{"@type":"SearchAction","target":{"@type":"EntryPoint","urlTemplate":"https:\/\/spanischer-supermarkt-andurondacc.de\/de\/?s={search_term_string}"},"query-input":{"@type":"PropertyValueSpecification","valueRequired":true,"valueName":"search_term_string"}}],"inLanguage":"de-DE"},{"@type":"Organization","@id":"https:\/\/spanischer-supermarkt-andurondacc.de\/de\/#organization","name":"Anduronda C+C","url":"https:\/\/spanischer-supermarkt-andurondacc.de\/de\/","logo":{"@type":"ImageObject","inLanguage":"de-DE","@id":"https:\/\/spanischer-supermarkt-andurondacc.de\/de\/#\/schema\/logo\/image\/","url":"https:\/\/spanischer-supermarkt-andurondacc.de\/wp-content\/uploads\/2023\/12\/Logo-Anduronda.jpg","contentUrl":"https:\/\/spanischer-supermarkt-andurondacc.de\/wp-content\/uploads\/2023\/12\/Logo-Anduronda.jpg","width":360,"height":360,"caption":"Anduronda C+C"},"image":{"@id":"https:\/\/spanischer-supermarkt-andurondacc.de\/de\/#\/schema\/logo\/image\/"},"sameAs":["https:\/\/www.facebook.com\/AndurondaCC","https:\/\/www.instagram.com\/andurondaspanishfood\/"]}]}},"_links":{"self":[{"href":"https:\/\/spanischer-supermarkt-andurondacc.de\/de\/wp-json\/wp\/v2\/pages\/38\/"}],"collection":[{"href":"https:\/\/spanischer-supermarkt-andurondacc.de\/de\/wp-json\/wp\/v2\/pages\/"}],"about":[{"href":"https:\/\/spanischer-supermarkt-andurondacc.de\/de\/wp-json\/wp\/v2\/types\/page\/"}],"author":[{"embeddable":true,"href":"https:\/\/spanischer-supermarkt-andurondacc.de\/de\/wp-json\/wp\/v2\/users\/1\/"}],"replies":[{"embeddable":true,"href":"https:\/\/spanischer-supermarkt-andurondacc.de\/de\/wp-json\/wp\/v2\/comments\/?post=38"}],"version-history":[{"count":9,"href":"https:\/\/spanischer-supermarkt-andurondacc.de\/de\/wp-json\/wp\/v2\/pages\/38\/revisions\/"}],"predecessor-version":[{"id":7534,"href":"https:\/\/spanischer-supermarkt-andurondacc.de\/de\/wp-json\/wp\/v2\/pages\/38\/revisions\/7534\/"}],"wp:attachment":[{"href":"https:\/\/spanischer-supermarkt-andurondacc.de\/de\/wp-json\/wp\/v2\/media\/?parent=38"}],"curies":[{"name":"wp","href":"https:\/\/api.w.org\/{rel}","templated":true}]}}