{"id":40,"date":"2020-07-08T17:44:09","date_gmt":"2020-07-08T15:44:09","guid":{"rendered":"https:\/\/spanischer-supermarkt-andurondacc.de\/contacto\/"},"modified":"2020-10-22T14:45:10","modified_gmt":"2020-10-22T12:45:10","slug":"contacto","status":"publish","type":"page","link":"https:\/\/spanischer-supermarkt-andurondacc.de\/de\/contacto\/","title":{"rendered":"KONTAKT"},"content":{"rendered":"\n<h2 class=\"has-text-align-center my-5 wp-block-heading\">KONTAKT<\/h2>\n\n\n\n<div class=\"wp-block-columns is-layout-flex wp-container-core-columns-is-layout-9d6595d7 wp-block-columns-is-layout-flex\">\n<div class=\"wp-block-column is-layout-flow wp-block-column-is-layout-flow\">\n<p>Wir arbeiten jeden Tag daf\u00fcr, damit sie alles finden was sie suchen und brauchen in unserem Gesch\u00e4ft. Aus diesen Grund freuen wir uns \u00fcber jede Anregung die uns hilft besser zu werden, oder f\u00fcr jede Anfrage die sie haben. Sie k\u00f6nnen daf\u00fcr unser Kontaktformular nutzen.<\/p>\n\n\n\n<h4 class=\"wp-block-heading\">ANDURONDA C+C GmbH<\/h4>\n\n\n\n<p>Anschrift : Marktstrasse 27, <br>50968&nbsp;K\u00f6ln<\/p>\n\n\n\n<p>Telefon: 0221 3400433<br>Fax: 0221 3400435<\/p>\n\n\n\n<p><a href=\"mailto:andurondacc@gmx.de\">andurondacc@gmx.de<\/a><\/p>\n<\/div>\n\n\n\n<div class=\"wp-block-column is-layout-flow wp-block-column-is-layout-flow\"><div data-block_5f167384c4a81 class=\"contact alignfull\">\n  <div class=\"container\">\n    <div class=\"row\">\n      <div class=\"col\">\n        \n<div class=\"wpcf7 no-js\" id=\"wpcf7-f2628-o1\" lang=\"es-ES\" dir=\"ltr\" data-wpcf7-id=\"2628\">\n<div class=\"screen-reader-response\"><p role=\"status\" aria-live=\"polite\" aria-atomic=\"true\"><\/p> <ul><\/ul><\/div>\n<form action=\"\/de\/wp-json\/wp\/v2\/pages\/40\/#wpcf7-f2628-o1\" method=\"post\" class=\"wpcf7-form init\" aria-label=\"Contact form\" novalidate=\"novalidate\" data-status=\"init\">\n<fieldset class=\"hidden-fields-container\"><input type=\"hidden\" name=\"_wpcf7\" value=\"2628\" \/><input type=\"hidden\" name=\"_wpcf7_version\" value=\"6.1.5\" \/><input type=\"hidden\" name=\"_wpcf7_locale\" value=\"es_ES\" \/><input type=\"hidden\" name=\"_wpcf7_unit_tag\" value=\"wpcf7-f2628-o1\" \/><input type=\"hidden\" name=\"_wpcf7_container_post\" value=\"0\" \/><input type=\"hidden\" name=\"_wpcf7_posted_data_hash\" value=\"\" \/>\n<\/fieldset>\n<p><span class=\"wpcf7-form-control-wrap\" data-name=\"nombre\"><input size=\"40\" maxlength=\"400\" class=\"wpcf7-form-control wpcf7-text wpcf7-validates-as-required\" aria-required=\"true\" aria-invalid=\"false\" placeholder=\"Name\" value=\"\" type=\"text\" name=\"nombre\" \/><\/span><br \/>\n<span class=\"wpcf7-form-control-wrap\" data-name=\"empresa\"><input size=\"40\" maxlength=\"400\" class=\"wpcf7-form-control wpcf7-text wpcf7-validates-as-required\" aria-required=\"true\" aria-invalid=\"false\" placeholder=\"Unternehmen\" value=\"\" type=\"text\" name=\"empresa\" \/><\/span><br \/>\n<span class=\"wpcf7-form-control-wrap\" data-name=\"email\"><input size=\"40\" maxlength=\"400\" class=\"wpcf7-form-control wpcf7-email wpcf7-validates-as-required wpcf7-text wpcf7-validates-as-email\" aria-required=\"true\" aria-invalid=\"false\" placeholder=\"Email\" value=\"\" type=\"email\" name=\"email\" \/><\/span><br \/>\n<span class=\"wpcf7-form-control-wrap\" data-name=\"telefono\"><input size=\"40\" maxlength=\"400\" class=\"wpcf7-form-control wpcf7-tel wpcf7-validates-as-required wpcf7-text wpcf7-validates-as-tel\" aria-required=\"true\" aria-invalid=\"false\" placeholder=\"Telefon\" value=\"\" type=\"tel\" name=\"telefono\" \/><\/span><br \/>\n<span class=\"wpcf7-form-control-wrap\" data-name=\"asunto\"><input size=\"40\" maxlength=\"400\" class=\"wpcf7-form-control wpcf7-text\" aria-invalid=\"false\" placeholder=\"Betreff\" value=\"\" type=\"text\" name=\"asunto\" \/><\/span><br \/>\n<span class=\"wpcf7-form-control-wrap\" data-name=\"mensaje\"><textarea cols=\"40\" rows=\"10\" maxlength=\"2000\" class=\"wpcf7-form-control wpcf7-textarea\" aria-invalid=\"false\" placeholder=\"Schreiben Sie hier Ihre Nachricht\" name=\"mensaje\"><\/textarea><\/span><br \/>\n<input class=\"wpcf7-form-control wpcf7-submit has-spinner\" type=\"submit\" value=\"Senden\" \/>\n<\/p><div class=\"wpcf7-response-output\" aria-hidden=\"true\"><\/div>\n<\/form>\n<\/div>\n\n      <\/div>\n    <\/div>\n  <\/div>\n<\/div>\n<\/div>\n<\/div>\n\n\n\n<div class=\"wp-block-group alignfull\"><div class=\"wp-block-group__inner-container is-layout-flow wp-block-group-is-layout-flow\">\n<pre class=\"wp-block-preformatted\"><iframe loading=\"lazy\" src=\"https:\/\/www.google.com\/maps\/embed?pb=!1m18!1m12!1m3!1d2515.715091575323!2d6.9555003159560185!3d50.91048766199041!2m3!1f0!2f0!3f0!3m2!1i1024!2i768!4f13.1!3m3!1m2!1s0x47bf2441ee48c9f5%3A0xae43adc630f16328!2sAnduronda!5e0!3m2!1ses!2ses!4v1595305765349!5m2!1ses!2ses\" width=\"100%\" height=\"450\" frameborder=\"0\" style=\"border:0;\" allowfullscreen=\"\" aria-hidden=\"false\" tabindex=\"0\"><\/iframe><\/pre>\n<\/div><\/div>\n\n\n\n<p><\/p>\n","protected":false},"excerpt":{"rendered":"<p>KONTAKT Wir arbeiten jeden Tag daf\u00fcr, damit sie alles finden was sie suchen und brauchen in unserem Gesch\u00e4ft. Aus diesen Grund freuen wir uns \u00fcber jede Anregung die uns hilft besser zu werden, oder f\u00fcr jede Anfrage die sie haben. Sie k\u00f6nnen daf\u00fcr unser Kontaktformular nutzen. ANDURONDA C+C GmbH Anschrift : Marktstrasse 27, 50968&nbsp;K\u00f6ln Telefon: &hellip; <a href=\"https:\/\/spanischer-supermarkt-andurondacc.de\/de\/contacto\/\">Continued<\/a><\/p>\n","protected":false},"author":1,"featured_media":0,"parent":0,"menu_order":0,"comment_status":"closed","ping_status":"closed","template":"","meta":{"footnotes":""},"class_list":["post-40","page","type-page","status-publish","hentry"],"yoast_head":"<!-- This site is optimized with the Yoast SEO plugin v27.5 - https:\/\/yoast.com\/product\/yoast-seo-wordpress\/ -->\n<title>KONTAKT - Anduronda C+C<\/title>\n<meta name=\"robots\" content=\"index, follow, max-snippet:-1, max-image-preview:large, max-video-preview:-1\" \/>\n<link rel=\"canonical\" href=\"https:\/\/spanischer-supermarkt-andurondacc.de\/de\/contacto\/\" \/>\n<meta property=\"og:locale\" content=\"de_DE\" \/>\n<meta property=\"og:type\" content=\"article\" \/>\n<meta property=\"og:title\" content=\"KONTAKT - Anduronda C+C\" \/>\n<meta property=\"og:description\" content=\"KONTAKT Wir arbeiten jeden Tag daf\u00fcr, damit sie alles finden was sie suchen und brauchen in unserem Gesch\u00e4ft. Aus diesen Grund freuen wir uns \u00fcber jede Anregung die uns hilft besser zu werden, oder f\u00fcr jede Anfrage die sie haben. Sie k\u00f6nnen daf\u00fcr unser Kontaktformular nutzen. ANDURONDA C+C GmbH Anschrift : Marktstrasse 27, 50968&nbsp;K\u00f6ln Telefon: &hellip; Continued\" \/>\n<meta property=\"og:url\" content=\"https:\/\/spanischer-supermarkt-andurondacc.de\/de\/contacto\/\" \/>\n<meta property=\"og:site_name\" content=\"Anduronda C+C\" \/>\n<meta property=\"article:publisher\" content=\"https:\/\/www.facebook.com\/AndurondaCC\" \/>\n<meta property=\"article:modified_time\" content=\"2020-10-22T12:45:10+00:00\" \/>\n<meta property=\"og:image\" content=\"https:\/\/spanischer-supermarkt-andurondacc.de\/wp-content\/uploads\/2023\/12\/Logo-Anduronda.jpg\" \/>\n\t<meta property=\"og:image:width\" content=\"360\" \/>\n\t<meta property=\"og:image:height\" content=\"360\" \/>\n\t<meta property=\"og:image:type\" content=\"image\/jpeg\" \/>\n<meta name=\"twitter:card\" content=\"summary_large_image\" \/>\n<script type=\"application\/ld+json\" class=\"yoast-schema-graph\">{\"@context\":\"https:\\\/\\\/schema.org\",\"@graph\":[{\"@type\":\"WebPage\",\"@id\":\"https:\\\/\\\/spanischer-supermarkt-andurondacc.de\\\/de\\\/contacto\\\/\",\"url\":\"https:\\\/\\\/spanischer-supermarkt-andurondacc.de\\\/de\\\/contacto\\\/\",\"name\":\"KONTAKT - Anduronda C+C\",\"isPartOf\":{\"@id\":\"https:\\\/\\\/spanischer-supermarkt-andurondacc.de\\\/de\\\/#website\"},\"datePublished\":\"2020-07-08T15:44:09+00:00\",\"dateModified\":\"2020-10-22T12:45:10+00:00\",\"breadcrumb\":{\"@id\":\"https:\\\/\\\/spanischer-supermarkt-andurondacc.de\\\/de\\\/contacto\\\/#breadcrumb\"},\"inLanguage\":\"de-DE\",\"potentialAction\":[{\"@type\":\"ReadAction\",\"target\":[\"https:\\\/\\\/spanischer-supermarkt-andurondacc.de\\\/de\\\/contacto\\\/\"]}]},{\"@type\":\"BreadcrumbList\",\"@id\":\"https:\\\/\\\/spanischer-supermarkt-andurondacc.de\\\/de\\\/contacto\\\/#breadcrumb\",\"itemListElement\":[{\"@type\":\"ListItem\",\"position\":1,\"name\":\"Home\",\"item\":\"https:\\\/\\\/spanischer-supermarkt-andurondacc.de\\\/de\\\/\"},{\"@type\":\"ListItem\",\"position\":2,\"name\":\"KONTAKT\"}]},{\"@type\":\"WebSite\",\"@id\":\"https:\\\/\\\/spanischer-supermarkt-andurondacc.de\\\/de\\\/#website\",\"url\":\"https:\\\/\\\/spanischer-supermarkt-andurondacc.de\\\/de\\\/\",\"name\":\"Anduronda C+C\",\"description\":\"Ihr Spanischer Supermarkt\",\"publisher\":{\"@id\":\"https:\\\/\\\/spanischer-supermarkt-andurondacc.de\\\/de\\\/#organization\"},\"potentialAction\":[{\"@type\":\"SearchAction\",\"target\":{\"@type\":\"EntryPoint\",\"urlTemplate\":\"https:\\\/\\\/spanischer-supermarkt-andurondacc.de\\\/de\\\/?s={search_term_string}\"},\"query-input\":{\"@type\":\"PropertyValueSpecification\",\"valueRequired\":true,\"valueName\":\"search_term_string\"}}],\"inLanguage\":\"de-DE\"},{\"@type\":\"Organization\",\"@id\":\"https:\\\/\\\/spanischer-supermarkt-andurondacc.de\\\/de\\\/#organization\",\"name\":\"Anduronda C+C\",\"url\":\"https:\\\/\\\/spanischer-supermarkt-andurondacc.de\\\/de\\\/\",\"logo\":{\"@type\":\"ImageObject\",\"inLanguage\":\"de-DE\",\"@id\":\"https:\\\/\\\/spanischer-supermarkt-andurondacc.de\\\/de\\\/#\\\/schema\\\/logo\\\/image\\\/\",\"url\":\"https:\\\/\\\/spanischer-supermarkt-andurondacc.de\\\/wp-content\\\/uploads\\\/2023\\\/12\\\/Logo-Anduronda.jpg\",\"contentUrl\":\"https:\\\/\\\/spanischer-supermarkt-andurondacc.de\\\/wp-content\\\/uploads\\\/2023\\\/12\\\/Logo-Anduronda.jpg\",\"width\":360,\"height\":360,\"caption\":\"Anduronda C+C\"},\"image\":{\"@id\":\"https:\\\/\\\/spanischer-supermarkt-andurondacc.de\\\/de\\\/#\\\/schema\\\/logo\\\/image\\\/\"},\"sameAs\":[\"https:\\\/\\\/www.facebook.com\\\/AndurondaCC\",\"https:\\\/\\\/www.instagram.com\\\/andurondaspanishfood\\\/\"]}]}<\/script>\n<!-- \/ Yoast SEO plugin. -->","yoast_head_json":{"title":"KONTAKT - Anduronda C+C","robots":{"index":"index","follow":"follow","max-snippet":"max-snippet:-1","max-image-preview":"max-image-preview:large","max-video-preview":"max-video-preview:-1"},"canonical":"https:\/\/spanischer-supermarkt-andurondacc.de\/de\/contacto\/","og_locale":"de_DE","og_type":"article","og_title":"KONTAKT - Anduronda C+C","og_description":"KONTAKT Wir arbeiten jeden Tag daf\u00fcr, damit sie alles finden was sie suchen und brauchen in unserem Gesch\u00e4ft. Aus diesen Grund freuen wir uns \u00fcber jede Anregung die uns hilft besser zu werden, oder f\u00fcr jede Anfrage die sie haben. Sie k\u00f6nnen daf\u00fcr unser Kontaktformular nutzen. ANDURONDA C+C GmbH Anschrift : Marktstrasse 27, 50968&nbsp;K\u00f6ln Telefon: &hellip; Continued","og_url":"https:\/\/spanischer-supermarkt-andurondacc.de\/de\/contacto\/","og_site_name":"Anduronda C+C","article_publisher":"https:\/\/www.facebook.com\/AndurondaCC","article_modified_time":"2020-10-22T12:45:10+00:00","og_image":[{"width":360,"height":360,"url":"https:\/\/spanischer-supermarkt-andurondacc.de\/wp-content\/uploads\/2023\/12\/Logo-Anduronda.jpg","type":"image\/jpeg"}],"twitter_card":"summary_large_image","schema":{"@context":"https:\/\/schema.org","@graph":[{"@type":"WebPage","@id":"https:\/\/spanischer-supermarkt-andurondacc.de\/de\/contacto\/","url":"https:\/\/spanischer-supermarkt-andurondacc.de\/de\/contacto\/","name":"KONTAKT - Anduronda C+C","isPartOf":{"@id":"https:\/\/spanischer-supermarkt-andurondacc.de\/de\/#website"},"datePublished":"2020-07-08T15:44:09+00:00","dateModified":"2020-10-22T12:45:10+00:00","breadcrumb":{"@id":"https:\/\/spanischer-supermarkt-andurondacc.de\/de\/contacto\/#breadcrumb"},"inLanguage":"de-DE","potentialAction":[{"@type":"ReadAction","target":["https:\/\/spanischer-supermarkt-andurondacc.de\/de\/contacto\/"]}]},{"@type":"BreadcrumbList","@id":"https:\/\/spanischer-supermarkt-andurondacc.de\/de\/contacto\/#breadcrumb","itemListElement":[{"@type":"ListItem","position":1,"name":"Home","item":"https:\/\/spanischer-supermarkt-andurondacc.de\/de\/"},{"@type":"ListItem","position":2,"name":"KONTAKT"}]},{"@type":"WebSite","@id":"https:\/\/spanischer-supermarkt-andurondacc.de\/de\/#website","url":"https:\/\/spanischer-supermarkt-andurondacc.de\/de\/","name":"Anduronda C+C","description":"Ihr Spanischer Supermarkt","publisher":{"@id":"https:\/\/spanischer-supermarkt-andurondacc.de\/de\/#organization"},"potentialAction":[{"@type":"SearchAction","target":{"@type":"EntryPoint","urlTemplate":"https:\/\/spanischer-supermarkt-andurondacc.de\/de\/?s={search_term_string}"},"query-input":{"@type":"PropertyValueSpecification","valueRequired":true,"valueName":"search_term_string"}}],"inLanguage":"de-DE"},{"@type":"Organization","@id":"https:\/\/spanischer-supermarkt-andurondacc.de\/de\/#organization","name":"Anduronda C+C","url":"https:\/\/spanischer-supermarkt-andurondacc.de\/de\/","logo":{"@type":"ImageObject","inLanguage":"de-DE","@id":"https:\/\/spanischer-supermarkt-andurondacc.de\/de\/#\/schema\/logo\/image\/","url":"https:\/\/spanischer-supermarkt-andurondacc.de\/wp-content\/uploads\/2023\/12\/Logo-Anduronda.jpg","contentUrl":"https:\/\/spanischer-supermarkt-andurondacc.de\/wp-content\/uploads\/2023\/12\/Logo-Anduronda.jpg","width":360,"height":360,"caption":"Anduronda C+C"},"image":{"@id":"https:\/\/spanischer-supermarkt-andurondacc.de\/de\/#\/schema\/logo\/image\/"},"sameAs":["https:\/\/www.facebook.com\/AndurondaCC","https:\/\/www.instagram.com\/andurondaspanishfood\/"]}]}},"_links":{"self":[{"href":"https:\/\/spanischer-supermarkt-andurondacc.de\/de\/wp-json\/wp\/v2\/pages\/40\/"}],"collection":[{"href":"https:\/\/spanischer-supermarkt-andurondacc.de\/de\/wp-json\/wp\/v2\/pages\/"}],"about":[{"href":"https:\/\/spanischer-supermarkt-andurondacc.de\/de\/wp-json\/wp\/v2\/types\/page\/"}],"author":[{"embeddable":true,"href":"https:\/\/spanischer-supermarkt-andurondacc.de\/de\/wp-json\/wp\/v2\/users\/1\/"}],"replies":[{"embeddable":true,"href":"https:\/\/spanischer-supermarkt-andurondacc.de\/de\/wp-json\/wp\/v2\/comments\/?post=40"}],"version-history":[{"count":1,"href":"https:\/\/spanischer-supermarkt-andurondacc.de\/de\/wp-json\/wp\/v2\/pages\/40\/revisions\/"}],"predecessor-version":[{"id":7514,"href":"https:\/\/spanischer-supermarkt-andurondacc.de\/de\/wp-json\/wp\/v2\/pages\/40\/revisions\/7514\/"}],"wp:attachment":[{"href":"https:\/\/spanischer-supermarkt-andurondacc.de\/de\/wp-json\/wp\/v2\/media\/?parent=40"}],"curies":[{"name":"wp","href":"https:\/\/api.w.org\/{rel}","templated":true}]}}